{"id":9,"date":"2016-08-11T15:51:16","date_gmt":"2016-08-11T13:51:16","guid":{"rendered":"http:\/\/www.dryhouse.it\/muffa-muri-casa\/?page_id=9"},"modified":"2021-01-16T12:05:48","modified_gmt":"2021-01-16T11:05:48","slug":"umidita-risalita","status":"publish","type":"page","link":"https:\/\/www.dryhouse.it\/muffa-muri-casa\/umidita-risalita","title":{"rendered":"Umidit\u00e0 nei muri"},"content":{"rendered":"[vc_row][vc_column][vc_custom_heading text=&#8221;Qual \u00e8 la causa?&#8221; font_container=&#8221;tag:h4|text_align:left&#8221; use_theme_fonts=&#8221;yes&#8221;][vc_column_text]L&#8217;<strong>umidit\u00e0 di risalita capillare<\/strong> all&#8217;interno di un edificio rappresenta da sempre, per chi vi abita, un serio motivo di preoccupazione e disagio.<\/p>\n<p><img decoding=\"async\" loading=\"lazy\" class=\"alignleft size-full wp-image-89\" src=\"https:\/\/www.dryhouse.it\/muffa-muri-casa\/wp-content\/uploads\/cause_umidita.jpg\" alt=\"cause_umidita\" width=\"200\" height=\"174\" \/> La risalita capillare si manifesta nelle murature in corrispondenza dei <strong>piani terreni o interrati<\/strong>, anche fino ad altezze di alcuni metri oltre il livello del piano terra.<\/p>\n<p>L&#8217;umidit\u00e0 di risalita capillare \u00e8 dovuta essenzialmente alla capacit\u00e0 dell&#8217;acqua di penetrare nelle murature e di risalire verso l&#8217;alto, in apparente contrasto con la gravit\u00e0, attraverso i capillari del muro (sottilissimi condotti) presenti nei materiali costituenti le murature stesse.<\/p>\n<p>Dal punto di vista scientifico, tale fenomeno \u00e8 innescato da <strong>forze di tipo elettrico<\/strong> che le murature esercitano sulle molecole d&#8217;acqua presenti nel terreno a contatto con la muratura, ci\u00f2 accade a causa della differenza di potenziale elettrico che esiste fra le murature (che hanno carica elettrica negativa \u2014 mV) ed il terreno dove esse poggiano (che invece ha carica elttrica positiva + mV).<\/p>\n<p>Questa differenza di potenziale elettrico, provoca la risalita dell&#8217;acqua all&#8217;interno del muro, (gli elementi con carica elettrica negativa attraggono sempre gli elementi con carica elettrica positiva).[\/vc_column_text][vc_message message_box_style=&#8221;solid-icon&#8221; icon_fontawesome=&#8221;fa fa-arrow-up&#8221;]Quindi, per quanta acqua possa evaporare attraverso il muro, altrettanta ne risale, e quindi il muro rimane sempre bagnato senza mai asciugarsi.[\/vc_message][vc_single_image image=&#8221;90&#8243; img_size=&#8221;full&#8221; alignment=&#8221;center&#8221; style=&#8221;vc_box_outline&#8221; border_color=&#8221;mulled_wine&#8221;][\/vc_column][\/vc_row]\n","protected":false},"excerpt":{"rendered":"<p>[vc_row][vc_column][vc_custom_heading text=&#8221;Qual \u00e8 la causa?&#8221; font_container=&#8221;tag:h4|text_align:left&#8221; use_theme_fonts=&#8221;yes&#8221;][vc_column_text]L&#8217;umidit\u00e0 di risalita capillare all&#8217;interno di un edificio rappresenta da sempre, per chi vi abita, un serio motivo di preoccupazione e disagio. La risalita capillare si manifesta nelle murature in corrispondenza dei piani terreni o interrati, anche fino ad altezze di alcuni metri oltre il livello del piano terra.<\/p>\n","protected":false},"author":1,"featured_media":0,"parent":0,"menu_order":0,"comment_status":"closed","ping_status":"closed","template":"","meta":[],"_links":{"self":[{"href":"https:\/\/www.dryhouse.it\/muffa-muri-casa\/wp-json\/wp\/v2\/pages\/9"}],"collection":[{"href":"https:\/\/www.dryhouse.it\/muffa-muri-casa\/wp-json\/wp\/v2\/pages"}],"about":[{"href":"https:\/\/www.dryhouse.it\/muffa-muri-casa\/wp-json\/wp\/v2\/types\/page"}],"author":[{"embeddable":true,"href":"https:\/\/www.dryhouse.it\/muffa-muri-casa\/wp-json\/wp\/v2\/users\/1"}],"replies":[{"embeddable":true,"href":"https:\/\/www.dryhouse.it\/muffa-muri-casa\/wp-json\/wp\/v2\/comments?post=9"}],"version-history":[{"count":11,"href":"https:\/\/www.dryhouse.it\/muffa-muri-casa\/wp-json\/wp\/v2\/pages\/9\/revisions"}],"predecessor-version":[{"id":228,"href":"https:\/\/www.dryhouse.it\/muffa-muri-casa\/wp-json\/wp\/v2\/pages\/9\/revisions\/228"}],"wp:attachment":[{"href":"https:\/\/www.dryhouse.it\/muffa-muri-casa\/wp-json\/wp\/v2\/media?parent=9"}],"curies":[{"name":"wp","href":"https:\/\/api.w.org\/{rel}","templated":true}]}}