{"id":7,"date":"2016-08-11T15:46:09","date_gmt":"2016-08-11T13:46:09","guid":{"rendered":"http:\/\/www.dryhouse.it\/muffa-muri-casa\/?page_id=7"},"modified":"2017-05-23T09:49:58","modified_gmt":"2017-05-23T07:49:58","slug":"home-page","status":"publish","type":"page","link":"https:\/\/www.dryhouse.it\/muffa-muri-casa\/","title":{"rendered":"Home page"},"content":{"rendered":"[vc_row][vc_column][vc_custom_heading text=&#8221;Deumidificazione muraria senza inquinamento elettromagnetico&#8221; use_theme_fonts=&#8221;yes&#8221;][vc_row_inner][vc_column_inner width=&#8221;2\/3&#8243;][vc_column_text]<strong>L&#8217;umidit\u00e0 di risalita \u00e8 la problematica edile pi\u00f9 diffusa ma esiste una soluzione<\/strong><\/p>\n<p><strong>DRY HOUSE <\/strong>deumidifica in maniera definitiva le murature umide e le mantiene asciutte.[\/vc_column_text][vc_message message_box_style=&#8221;solid-icon&#8221; message_box_color=&#8221;sandy_brown&#8221; icon_fontawesome=&#8221;fa fa-usb&#8221;]Grazie all&#8217;utilizzo di un nanoprocessore brevettato, testato e certificato, <strong>DRY HOUSE\u00ae<\/strong> <a href=\"http:\/\/www.dryhouse.it\/muffa-muri-casa\/\">deumidifica i muri<\/a> senza creare elettrosmog e senza creare campi elettromagnetici.[\/vc_message][\/vc_column_inner][vc_column_inner width=&#8221;1\/3&#8243;]<a class=\"button biggest    wow animated rollIn\" data-animation=\"rollIn\" href=\"http:\/\/www.dryhouse.it\/muffa-muri-casa\/risanamento-muri-umidita-di-risalita\" target=\"_self\" style=\"color: #ffffff;background-color: #1e73be\"><i class=\"icons icon-help-circled\"><\/i>Richiedi un preventivo gratuito<\/a>[\/vc_column_inner][\/vc_row_inner][vc_column_text]La tecnologia <strong>DRY HOUSE\u00ae<\/strong> consente di eliminare l&#8217;<a href=\"http:\/\/www.dryhouse.it\/muffa-muri-casa\/umidita-risalita\">umidit\u00e0 di risalita capillare<\/a> in modo definitivo e permanente perch\u00e9 agisce direttamente sul fenomeno fisico che la innesca. Senza ricorrere a tagli dei muri, n\u00e9 a iniezioni o barriere chimiche, ma agendo sulla causa della risalita capillare, <strong>DRY HOUSE<\/strong> assicura la scomparsa definitiva dell&#8217;umidit\u00e0 di risalita. Qui trovi <a href=\"http:\/\/www.dryhouse.it\/muffa-muri-casa\/umidita-casa-preventivo\">Rimedi e Costi<\/a><\/p>\n<p>Una casa ed edifici risanati con <strong>DRY HOUSE\u00ae<\/strong> si riconoscono subito. L&#8217;aumento del comfort abitativo, la migliore conservazione di oggetti ed arredi e la sensazione di abitare in un ambiente finalmente sano sono la prova dell&#8217;efficacia della tecnologia <strong>DRY HOUSE\u00ae<\/strong>! Laddove muffe, scrostamenti, fioriture di sali e macchie bagnate rendono invivibile l&#8217;ambiente domestico, oggi \u00e8 possibile porvi rimedio in modo definitivo.[\/vc_column_text][\/vc_column][\/vc_row][vc_row full_width=&#8221;stretch_row&#8221; css=&#8221;.vc_custom_1471613868005{padding-top: 20px !important;padding-right: 20px !important;padding-bottom: 20px !important;padding-left: 20px !important;background-color: #f97e17 !important;}&#8221;][vc_column][vc_custom_heading text=&#8221;Castello di Cracovia &#8211; Deumidificato con DRY HOUSE\u00ae&#8221; font_container=&#8221;tag:h2|text_align:left|color:%23ffffff&#8221; use_theme_fonts=&#8221;yes&#8221;][vc_row_inner][vc_column_inner][vc_single_image image=&#8221;138&#8243; img_size=&#8221;full&#8221; add_caption=&#8221;yes&#8221; alignment=&#8221;center&#8221;][\/vc_column_inner][\/vc_row_inner][vc_tta_accordion style=&#8221;modern&#8221; color=&#8221;sandy-brown&#8221; active_section=&#8221;3&#8243; no_fill=&#8221;true&#8221;][vc_tta_section title=&#8221;Altri immobili deumidificati in Europa&#8221; tab_id=&#8221;1471618310400-07ce37d6-d226&#8243;][vc_custom_heading text=&#8221;Alcuni degli edifici deumidificati in Slovenia, Austria e Croazia&#8221; font_container=&#8221;tag:h2|text_align:left|color:%23ffffff&#8221; use_theme_fonts=&#8221;yes&#8221;][vc_row_inner][vc_column_inner width=&#8221;1\/3&#8243;][vc_single_image image=&#8221;148&#8243; img_size=&#8221;full&#8221; add_caption=&#8221;yes&#8221; alignment=&#8221;center&#8221; onclick=&#8221;link_image&#8221;][\/vc_column_inner][vc_column_inner width=&#8221;1\/3&#8243;][vc_single_image image=&#8221;149&#8243; img_size=&#8221;full&#8221; add_caption=&#8221;yes&#8221; alignment=&#8221;center&#8221; onclick=&#8221;link_image&#8221;][\/vc_column_inner][vc_column_inner width=&#8221;1\/3&#8243;][vc_single_image image=&#8221;150&#8243; img_size=&#8221;full&#8221; add_caption=&#8221;yes&#8221; alignment=&#8221;center&#8221; onclick=&#8221;link_image&#8221;][\/vc_column_inner][\/vc_row_inner][vc_row_inner][vc_column_inner width=&#8221;1\/3&#8243;][vc_single_image image=&#8221;151&#8243; img_size=&#8221;full&#8221; add_caption=&#8221;yes&#8221; alignment=&#8221;center&#8221; onclick=&#8221;link_image&#8221;][\/vc_column_inner][vc_column_inner width=&#8221;1\/3&#8243;][vc_single_image image=&#8221;152&#8243; img_size=&#8221;full&#8221; add_caption=&#8221;yes&#8221; alignment=&#8221;center&#8221; onclick=&#8221;link_image&#8221;][\/vc_column_inner][vc_column_inner width=&#8221;1\/3&#8243;][vc_single_image image=&#8221;153&#8243; img_size=&#8221;full&#8221; add_caption=&#8221;yes&#8221; alignment=&#8221;center&#8221; onclick=&#8221;link_image&#8221;][\/vc_column_inner][\/vc_row_inner][vc_row_inner][vc_column_inner width=&#8221;1\/3&#8243;][vc_single_image image=&#8221;154&#8243; img_size=&#8221;full&#8221; add_caption=&#8221;yes&#8221; alignment=&#8221;center&#8221; onclick=&#8221;link_image&#8221;][\/vc_column_inner][vc_column_inner width=&#8221;1\/3&#8243;][vc_single_image image=&#8221;155&#8243; img_size=&#8221;full&#8221; add_caption=&#8221;yes&#8221; alignment=&#8221;center&#8221; onclick=&#8221;link_image&#8221;][\/vc_column_inner][vc_column_inner width=&#8221;1\/3&#8243;][vc_single_image image=&#8221;156&#8243; img_size=&#8221;full&#8221; add_caption=&#8221;yes&#8221; alignment=&#8221;center&#8221; onclick=&#8221;link_image&#8221;][\/vc_column_inner][\/vc_row_inner][vc_row_inner][vc_column_inner width=&#8221;1\/3&#8243;][vc_single_image image=&#8221;157&#8243; img_size=&#8221;full&#8221; add_caption=&#8221;yes&#8221; alignment=&#8221;center&#8221; onclick=&#8221;link_image&#8221;][\/vc_column_inner][vc_column_inner width=&#8221;1\/3&#8243;][vc_single_image image=&#8221;158&#8243; img_size=&#8221;full&#8221; add_caption=&#8221;yes&#8221; alignment=&#8221;center&#8221; onclick=&#8221;link_image&#8221;][\/vc_column_inner][vc_column_inner width=&#8221;1\/3&#8243;][vc_single_image image=&#8221;159&#8243; img_size=&#8221;full&#8221; add_caption=&#8221;yes&#8221; alignment=&#8221;center&#8221; onclick=&#8221;link_image&#8221;][\/vc_column_inner][\/vc_row_inner][vc_row_inner][vc_column_inner width=&#8221;1\/3&#8243;][vc_single_image image=&#8221;160&#8243; img_size=&#8221;full&#8221; add_caption=&#8221;yes&#8221; alignment=&#8221;center&#8221; onclick=&#8221;link_image&#8221;][\/vc_column_inner][vc_column_inner width=&#8221;1\/3&#8243;][vc_single_image image=&#8221;161&#8243; img_size=&#8221;full&#8221; add_caption=&#8221;yes&#8221; alignment=&#8221;center&#8221; onclick=&#8221;link_image&#8221;][\/vc_column_inner][vc_column_inner width=&#8221;1\/3&#8243;][vc_single_image image=&#8221;162&#8243; img_size=&#8221;full&#8221; add_caption=&#8221;yes&#8221; alignment=&#8221;center&#8221; onclick=&#8221;link_image&#8221;][\/vc_column_inner][\/vc_row_inner][vc_row_inner][vc_column_inner width=&#8221;1\/3&#8243;][vc_single_image image=&#8221;163&#8243; img_size=&#8221;full&#8221; add_caption=&#8221;yes&#8221; alignment=&#8221;center&#8221; onclick=&#8221;link_image&#8221;][\/vc_column_inner][vc_column_inner width=&#8221;1\/3&#8243;][vc_single_image image=&#8221;164&#8243; img_size=&#8221;full&#8221; add_caption=&#8221;yes&#8221; alignment=&#8221;center&#8221; onclick=&#8221;link_image&#8221;][\/vc_column_inner][vc_column_inner width=&#8221;1\/3&#8243;][vc_single_image image=&#8221;165&#8243; img_size=&#8221;full&#8221; add_caption=&#8221;yes&#8221; alignment=&#8221;center&#8221; onclick=&#8221;link_image&#8221;][\/vc_column_inner][\/vc_row_inner][vc_row_inner][vc_column_inner width=&#8221;1\/3&#8243;][vc_single_image image=&#8221;145&#8243; img_size=&#8221;full&#8221; add_caption=&#8221;yes&#8221; alignment=&#8221;center&#8221; onclick=&#8221;link_image&#8221;][\/vc_column_inner][vc_column_inner width=&#8221;1\/3&#8243;][vc_single_image image=&#8221;146&#8243; img_size=&#8221;full&#8221; add_caption=&#8221;yes&#8221; alignment=&#8221;center&#8221; onclick=&#8221;link_image&#8221;][\/vc_column_inner][vc_column_inner width=&#8221;1\/3&#8243;][vc_single_image image=&#8221;147&#8243; img_size=&#8221;full&#8221; add_caption=&#8221;yes&#8221; alignment=&#8221;center&#8221; onclick=&#8221;link_image&#8221;][\/vc_column_inner][\/vc_row_inner][\/vc_tta_section][\/vc_tta_accordion][\/vc_column][\/vc_row][vc_row full_width=&#8221;stretch_row&#8221; css=&#8221;.vc_custom_1471617531535{padding-top: 20px !important;padding-right: 20px !important;padding-bottom: 20px !important;padding-left: 20px !important;background-color: #f97e17 !important;}&#8221;][vc_column][\/vc_column][\/vc_row]\n","protected":false},"excerpt":{"rendered":"<p>[vc_row][vc_column][vc_custom_heading text=&#8221;Deumidificazione muraria senza inquinamento elettromagnetico&#8221; use_theme_fonts=&#8221;yes&#8221;][vc_row_inner][vc_column_inner width=&#8221;2\/3&#8243;][vc_column_text]L&#8217;umidit\u00e0 di risalita \u00e8 la problematica edile pi\u00f9 diffusa ma esiste una soluzione DRY HOUSE deumidifica in maniera definitiva le murature umide e le mantiene asciutte.[\/vc_column_text][vc_message message_box_style=&#8221;solid-icon&#8221; message_box_color=&#8221;sandy_brown&#8221; icon_fontawesome=&#8221;fa fa-usb&#8221;]Grazie all&#8217;utilizzo di un nanoprocessore brevettato, testato e certificato, DRY HOUSE\u00ae deumidifica i muri senza creare elettrosmog e senza<\/p>\n","protected":false},"author":1,"featured_media":0,"parent":0,"menu_order":0,"comment_status":"closed","ping_status":"closed","template":"","meta":[],"_links":{"self":[{"href":"https:\/\/www.dryhouse.it\/muffa-muri-casa\/wp-json\/wp\/v2\/pages\/7"}],"collection":[{"href":"https:\/\/www.dryhouse.it\/muffa-muri-casa\/wp-json\/wp\/v2\/pages"}],"about":[{"href":"https:\/\/www.dryhouse.it\/muffa-muri-casa\/wp-json\/wp\/v2\/types\/page"}],"author":[{"embeddable":true,"href":"https:\/\/www.dryhouse.it\/muffa-muri-casa\/wp-json\/wp\/v2\/users\/1"}],"replies":[{"embeddable":true,"href":"https:\/\/www.dryhouse.it\/muffa-muri-casa\/wp-json\/wp\/v2\/comments?post=7"}],"version-history":[{"count":22,"href":"https:\/\/www.dryhouse.it\/muffa-muri-casa\/wp-json\/wp\/v2\/pages\/7\/revisions"}],"predecessor-version":[{"id":203,"href":"https:\/\/www.dryhouse.it\/muffa-muri-casa\/wp-json\/wp\/v2\/pages\/7\/revisions\/203"}],"wp:attachment":[{"href":"https:\/\/www.dryhouse.it\/muffa-muri-casa\/wp-json\/wp\/v2\/media?parent=7"}],"curies":[{"name":"wp","href":"https:\/\/api.w.org\/{rel}","templated":true}]}}