{"id":17,"date":"2016-08-11T16:00:44","date_gmt":"2016-08-11T14:00:44","guid":{"rendered":"http:\/\/www.dryhouse.it\/muffa-muri-casa\/?page_id=17"},"modified":"2017-05-19T11:16:14","modified_gmt":"2017-05-19T09:16:14","slug":"dispositivo-anti-muffa","status":"publish","type":"page","link":"https:\/\/www.dryhouse.it\/muffa-muri-casa\/dispositivo-anti-muffa","title":{"rendered":"Controllo e Diagnostica"},"content":{"rendered":"[vc_row][vc_column width=&#8221;2\/3&#8243;][vc_custom_heading text=&#8221;Il metodo di controllo e diagnostica&#8221; use_theme_fonts=&#8221;yes&#8221;][vc_column_text]<strong>DRY HOUSE\u00ae<\/strong> e&#8217; semplice da <a href=\"http:\/\/www.dryhouse.it\/muffa-muri-casa\/apparecchio-umidita-di-risalita\">installare <\/a>ma puoi comunque contattarci per avere un aiuto durante l&#8217;installazione o per richiedere l&#8217;installazione di un nostro tecnico.<\/p>\n<p>Puoi eseguire autonomamente le misurazione per verificare il grado di umidit\u00e0 presente nella tua abitazione, all&#8217;installazione e dopo l&#8217;installazione del dispositivo <strong>DRY HOUSE\u00ae<\/strong> con un igrometro di superficie ad impulso con profondit\u00e0 2\/3 cm circa (misura il livello di umidit\u00e0 presente nell&#8217;intonaco e l&#8217;andamento dell&#8217; umidit\u00e0 presente nei muri, in altezza ed in lunghezza). Queste misurazioni sono da effettuare ogni 6 mesi dalla data d\u2019installazione con l\u2019igrometro che hai acquistato incluso al dispositivo.<\/p>\n<p>Si consiglia di contattare il Servizio Clienti al compimento dei 6 mesi dalla data d\u2019installazione di <strong>DRY HOUSE\u00ae<\/strong> cos\u00ec da poter valutare l\u2019andamento del prosciugamento<\/p>\n<p><strong>N.B.<\/strong> Le consigliamo di contattare il Servizio Clienti prima di decidere se sostituire il vecchio intonaco.<\/p>\n<p>E&#8217; possibile richiedere al Servizio tecnico una verifica dell&#8217;umidit\u00e0 presente nella tua abitazione tramite un nostro tecnico specializzato che eseguendo delle misurazioni, potr\u00e0 evidenziare il raggiungimento dei parametri di naturale umidit\u00e0 delle tue murature e certificare asciutte le murature in questione, come da normativa <strong>UNI 11085: 2003<\/strong> del 01-11-2003, solo ed esclusivamente dopo aver accertato la deumidificazione delle murature secondo i parametri previsti dalla normativa il nostro tecnico potr\u00e0 consigliarvi, in caso fosse necessario, quale intonaco utilizzare per sostituire l&#8217;intonaco ammalorato in maniera definitiva e duratura, grazie al fatto che verr\u00e0 applicato su di una muratura asciutta.[\/vc_column_text][vc_message message_box_style=&#8221;solid-icon&#8221;]E&#8217; consigliabile effettuare le misurazioni non prima di 6 mesi dalla data d&#8217;installazione e in caso i valori non siano ancora nella norma si potr\u00e0 effettuare un ulteriore controllo a 12 mesi dalla data d&#8217;installazione, tempo solitamente necessario per una deumidificazione secondo i parametri considerati nella norma.[\/vc_message][vc_single_image image=&#8221;61&#8243; img_size=&#8221;full&#8221; alignment=&#8221;center&#8221;][\/vc_column][vc_column width=&#8221;1\/3&#8243;][vc_widget_sidebar sidebar_id=&#8221;main&#8221;][\/vc_column][\/vc_row][vc_row full_width=&#8221;stretch_row&#8221; css=&#8221;.vc_custom_1471612589328{padding-top: 20px !important;padding-right: 20px !important;padding-bottom: 20px !important;padding-left: 20px !important;background-color: #f97e17 !important;}&#8221;][vc_column][vc_column_text]<span style=\"color: #ffffff;\"><strong>Prima di decidere se sostituire il vecchio intonaco \u00e8 consigliabile richiedere le seguenti misurazioni ad un nostro tecnico:<\/strong><\/span><\/p>\n<ol style=\"color: #ffffff;\">\n<li>Analisi del clima Interno\/Esterno con umidit\u00e0 relativa e temperatura (mostra un quadro generale di una casa per valutarne la sua vivibilit\u00e0).<\/li>\n<li>Verifica tramite Igrometro di Superficie ad Impulso con profondit\u00e0 2\/3 cm circa (misura il livello di umidit\u00e0 presente nell&#8217;intonaco e l&#8217;andamento dell&#8217; umidit\u00e0 presente nei muri, in altezza ed in lunghezza).<\/li>\n<li>Misurazione Ponderale tramite prelievi ad una profondit\u00e0 di 10\/15 cm. (quantifica esattamente l&#8217;umidit\u00e0 che c&#8217;e&#8217; all&#8217;interno del muro come da normativa UNI 11085: 2003 del 01-11-2003<\/li>\n<li>Controllo delle cariche elettriche all&#8217;interno di un muro ( accerta lo spostamento delle molecole d&#8217;acqua all&#8217;interno del muro).<\/li>\n<li>Misurazione del Potenziale Elettrico del muro (determina il funzionamento del Dispositivo DRY HOUSE e l&#8217;influenza che crea all&#8217;interno del muro).<\/li>\n<li>Verifica del punto di Rugiada (localizza la condensazione in una casa e ne scopre quindi la causa).<\/li>\n<li>Analisi Chimiche dei differenti materiali che compongono il muro (calcola le differenze di PH che causano problemi elettrochimici sui i muri). Analisi tramite reagenti chimici con prelievo di campioni del muro (determina il tipo e la quantit\u00e0 di sali disciolti che possono causare problemi durante le ristrutturazioni al fine di evitarli).<\/li>\n<li>Rilevazione tramite termocamera.<\/li>\n<\/ol>\n[\/vc_column_text][\/vc_column][\/vc_row]\n","protected":false},"excerpt":{"rendered":"<p>[vc_row][vc_column width=&#8221;2\/3&#8243;][vc_custom_heading text=&#8221;Il metodo di controllo e diagnostica&#8221; use_theme_fonts=&#8221;yes&#8221;][vc_column_text]DRY HOUSE\u00ae e&#8217; semplice da installare ma puoi comunque contattarci per avere un aiuto durante l&#8217;installazione o per richiedere l&#8217;installazione di un nostro tecnico. Puoi eseguire autonomamente le misurazione per verificare il grado di umidit\u00e0 presente nella tua abitazione, all&#8217;installazione e dopo l&#8217;installazione del dispositivo DRY HOUSE\u00ae<\/p>\n","protected":false},"author":1,"featured_media":0,"parent":0,"menu_order":0,"comment_status":"closed","ping_status":"closed","template":"","meta":[],"_links":{"self":[{"href":"https:\/\/www.dryhouse.it\/muffa-muri-casa\/wp-json\/wp\/v2\/pages\/17"}],"collection":[{"href":"https:\/\/www.dryhouse.it\/muffa-muri-casa\/wp-json\/wp\/v2\/pages"}],"about":[{"href":"https:\/\/www.dryhouse.it\/muffa-muri-casa\/wp-json\/wp\/v2\/types\/page"}],"author":[{"embeddable":true,"href":"https:\/\/www.dryhouse.it\/muffa-muri-casa\/wp-json\/wp\/v2\/users\/1"}],"replies":[{"embeddable":true,"href":"https:\/\/www.dryhouse.it\/muffa-muri-casa\/wp-json\/wp\/v2\/comments?post=17"}],"version-history":[{"count":12,"href":"https:\/\/www.dryhouse.it\/muffa-muri-casa\/wp-json\/wp\/v2\/pages\/17\/revisions"}],"predecessor-version":[{"id":134,"href":"https:\/\/www.dryhouse.it\/muffa-muri-casa\/wp-json\/wp\/v2\/pages\/17\/revisions\/134"}],"wp:attachment":[{"href":"https:\/\/www.dryhouse.it\/muffa-muri-casa\/wp-json\/wp\/v2\/media?parent=17"}],"curies":[{"name":"wp","href":"https:\/\/api.w.org\/{rel}","templated":true}]}}